{"id":1033,"date":"2015-02-11T22:16:17","date_gmt":"2017-01-19T15:54:34","guid":{"rendered":"http:\/\/www.puigciutat.com\/?page_id=1033"},"modified":"2020-03-31T17:21:43","modified_gmt":"2020-03-31T16:21:43","slug":"bibliography","status":"publish","type":"page","link":"https:\/\/www.puigciutat.com\/en\/online-resources\/bibliography\/","title":{"rendered":"Bibliography"},"content":{"rendered":"<h3>PhD<\/h3>\n<p>Ble, E. (2016). Guerra y conflicto en el nordeste de Hispania durante el per\u00edodo romano republicano (218 &#8211; 45 a.C). La presencia del ej\u00e9rcito romano a partir de sus evidencias arqueol\u00f3gicas met\u00e1licas <a title=\"Enlla\u00e7 al document en PDF\" href=\"http:\/\/hdl.handle.net\/2445\/104489\" target=\"_blank\">UB<\/a><\/p>\n<p>Padr\u00f3s, C. (2016). La implantaci\u00f3 militar romana a Catalunya: caracteritzaci\u00f3 d\u2019espais militars al NE de la Citerior en \u00e8poca tardorepublicana (ss. II \u2013 I ane). <a title=\"Enlla\u00e7 al document en PDF\" href=\"http:\/\/hdl.handle.net\/10803\/401577\" target=\"_blank\">URV<\/a><\/p>\n<p>Tamba, R. (2016) From archaeological prospection to communication using learning theory. Multi-variable maping and 3D representations in archaeology and built heritage. <a title=\"Enlla\u00e7 al document en PDF\" href=\"http:\/\/hdl.handle.net\/10803\/393977\" target=\"_blank\">Didpatri<\/a><\/p>\n<h3>Publications<\/h3>\n<p>Sabat\u00e9, V., Pujol, A., Padr\u00f3s, C. \u201cUna nueva fusayola con inscripci\u00f3n ib\u00e9rica procedente de Puig Ciutat (Orist\u00e0, Barcelona)\u201d. Palaeohispanica (en premsa).<\/p>\n<p>Pujol, A., Fern\u00e1ndez-G\u00f6tz, M., Sala, R., Padr\u00f3s, C., Ble, E., Tamba, R., Rubio-Campillo, X. 2019. \u201cArchaeology of the Roman Civil Wars: The destruction of Puig Ciutat (Catalonia, Spain) and Caesar\u2019s campaign in Ilerda (49 BC)\u201d, Colin Haselgrove and Andrew Fitzpatrick (eds.), Julius Caesar battle for Gaul: Archaeological perspectives.<\/p>\n<p>Padr\u00f3s, C., Pujol, \u00c0, Sala, R. (2015): Puig Ciutat (Orist\u00e0, Barcelona): Un praesidium pompei\u00e0 als peus dels Pirineus?. <em>Revista d\u2019Arqueologia de Ponent<\/em> 25, 277-290. <a title=\"Enlla\u00e7 al document en PDF\" href=\"https:\/\/www.puigciutat.com\/wp-content\/uploads\/2016\/01\/16-Padros_final.pdf\" target=\"_blank\">PDF<\/a><\/p>\n<p>Padr\u00f3s, C., Sala, R., Pujol, \u00c0., (2014): Puig Ciutat 2010-2012. Estrategias combinadas para la caracterizaci\u00f3n de un yacimiento inexplorado y su territorio. J.M. \u00c1lvarez, T, Nogales i I. Rod\u00e0 (Eds.). <em>Actas del XVIII Congreso Internacional Arqueolog\u00eda Cl\u00e1sica<\/em> Vol. 1. 307-309. <a title=\"Enlla\u00e7 al document en PDF\" href=\"https:\/\/www.puigciutat.com\/wp-content\/uploads\/2016\/01\/PADROS-et-al.-Puig-Ciutat_XVIIICIAC_S2-30.pdf\" target=\"_blank\">PDF<\/a><\/p>\n<p>Ekhine Garcia, Carles Padr\u00f3s, \u00c0ngels Pujol, Roger Sala, Robert Tamba,(2010): Resultats preliminars de la primera campanya d\u2019excavaci\u00f3 al jaciment de puig ciutat (Orist\u00e0, Osona). <em>Ausa XXIV<\/em> 166 pp. 685-714. Patronat d\u2019Estudis Osonencs 2010. <a title=\"Document en PDF\" href=\"http:\/\/www.raco.cat\/index.php\/Ausa\/article\/view\/239199\/321654\" target=\"_blank\">PDF<\/a><\/p>\n<h3>References<\/h3>\n<p>Principal, J.; Ribera, A., (2013). \u00abEl material m\u00e1s apreciado por los arque\u00f3logos. La cer\u00e1mica fina. La cer\u00e1mica de barniz negro\u00bb. Manual de cer\u00e1mica romana. Del mundo Helen\u00edstico al Imperio Romano, p. 42-146.<\/p>\n<p>Sala, R., Garcia-Garcia E., Tamba R. (2012). &#8220;Archaeological Geophysics &#8211; From Basics to New Perspectives.&#8221; Imma Ollich-Castanyer, IntechOpen. <a title=\"Enlla\u00e7 al document en PDF\" href=\"https:\/\/doi.org\/10.5772\/45619\" target=\"_blank\">PDF<\/a><\/p>\n<p>Principal, J. (2005). \u00abLas cer\u00e1micas del c\u00edrculo de la Campaniense B\u00bb. Introducci\u00f3n al estudio de la cer\u00e1mica romana, una breve gu\u00eda de referencia, p. 47-61.<\/p>\n<p>Py, M., 2001. \u00abCampanienne B\u00bb, Lattara, 14, p. 557-576.<\/p>\n<h3>Congresses<\/h3>\n<p>EAA 2012 Robert Tamba, Roger Sala, Ekhine Garcia, Xavi Rubio, \u201cMulti-scale exploration of the archaeological site of Puig Ciutat (Orist\u00e0, Catalunya)\u201d. 18Th anual meeting of the European Association of Archaeologists, del 29 de agosto al 1 de setiembre, Helsinki, Finlandia. <a title=\"Enlla\u00e7 al document en PDF\" href=\"https:\/\/www.puigciutat.com\/wp-content\/uploads\/2015\/02\/EAA2012_PGC_final.pdf\" target=\"_blank\">PDF<\/a><\/p>\n<p>FCC 2012 Eduard Ble, Xavier Rubio, Pau Vald\u00e9s, Maria Yubero, \u201cTracing a Roman siege from Late Roman Republic wars, Puigciutat (NE Iberian Peninsula)\u201d, VIITh Fields of Conflict Conference, Budapest, Hungary. <a title=\"Enlla\u00e7 al document en PDF\" href=\"https:\/\/www.puigciutat.com\/wp-content\/uploads\/2015\/02\/FCC2012_Budapest.pdf\" target=\"_blank\">PDF<\/a><\/p>\n<p>CIAC 2013 Roger Sala, Carles Padr\u00f3s, \u00c0ngels Pujol, \u201cPuig Ciutat 2010-2012. Estrategias combinadas para la caracterizaci\u00f3n de un yacimiento inexplorado y su territorio\u201d, XVII Congreso Internacional de Arqueolog\u00eda Cl\u00e1sica, Merida, Espa\u00f1a. <a title=\"Enlla\u00e7 al document en PDF\" href=\"https:\/\/www.puigciutat.com\/wp-content\/uploads\/2015\/02\/CIAC2013_M%C3%A8rida.pdf\" target=\"_blank\">PDF<\/a><\/p>\n<p>JIA 2013 Carles Padr\u00f3s, \u00c0ngels Pujol, Eduard Ble, \u201cEl final de la rep\u00fablica romana en el Noreste peninsular. Un &#8220;paisaje de conflicto&#8221; en Puig Ciutat (Orist\u00e0, Barcelona)\u201d, VI jornadas de jovenes en investigaci\u00f3n arqueol\u00f3gica, Barcelona, Catalunya. <a title=\"Enlla\u00e7 al document en PDF\" href=\"https:\/\/www.puigciutat.com\/wp-content\/uploads\/2015\/02\/JIA_2013.pdf\" target=\"_blank\">PDF<\/a><\/p>\n<p>JIA 2013 Robert Tamba, Ekhine Garcia &amp; Roger Sala (SOT Prospection), \u201cLa geof\u00edsica como herramienta para generar modelos virtuales de yacimientos arqueol\u00f3gicos\u201d, VI jornadas de jovenes en investigaci\u00f3n arqueol\u00f3gica, Barcelona, Catalunya.<\/p>\n<p>AP 2013 Roger Sala, Ekhine Garcia (SOT Prospection), \u201cThe Puig Ciutat Project. Multi-method Geophysics and archaeological feedback to map a destruction\u201d, 10Th International Conference on Archaeological Prospection, Vienna, Austria. <a href=\"https:\/\/www.puigciutat.com\/wp-content\/uploads\/2015\/02\/ISAP2013_PC_Poster.pdf\" target=\"_blank\">PDF<\/a><\/p>\n<p>CAA 2014 Robert Tamba, Angels Pujol, Ekhine Garcia, Carles Padr\u00f3s, Mireia Romero, R. Sala, \u201cExample of strategy for an optimized digital mapping of an excavation. Implementation in the site of Puig Ciutat, Orista, Barcelona\u201d, Computer Applications in Archaeology, Paris, Francia. <a title=\"CAA 2014, R. Tamba\" href=\"https:\/\/www.puigciutat.com\/wp-content\/uploads\/2015\/03\/CAA2014_PuigCiutat.pdf\" target=\"_blank\">PDF<\/a><\/p>\n<h3>Minutes and reports<\/h3>\n<p>Mem\u00f2ria Prospecci\u00f3 geof\u00edsica 2006. <a title=\"Document en PDF\" href=\"http:\/\/cultura.gencat.cat\/web\/.content\/dgpc\/documents\/documents2008\/qmem6846_web.pdf.pdf\" target=\"_blank\">PDF<\/a><\/p>\n<p>Actes de les I Jornades d\u2019Arqueologia de la Catalunya Central. <a title=\"Enlla\u00e7 al document en PDF\" href=\"http:\/\/hdl.handle.net\/10687\/53051\" target=\"_blank\">PDF<\/a><\/p>\n<p>Actes de les II Jornades d\u2019Arqueologia de la Catalunya Central. <a title=\"Enlla\u00e7 al document en PDF\" href=\"http:\/\/calaix.gencat.cat\/handle\/10687\/58330\" target=\"_blank\">PDF<\/a><\/p>\n<p>Actes de les III Jornades d\u2019Arqueologia de la Catalunya Central. <a title=\"Enlla\u00e7 al document en PDF\" href=\"http:\/\/calaix.gencat.cat\/handle\/10687\/53051\" target=\"_blank\">PDF<\/a><\/p>\n<p>High school research report. <a title=\"Enlla\u00e7 al document en PDF\" href=\"http:\/\/premisrecerca.uvic.cat\/sites\/default\/files\/webform\/memoria_tr_uvic.pdf\" target=\"_blank\">PDF<\/a><\/p>\n<h3>Presentations<\/h3>\n<p>Presentation at les IV Jornades d\u2019Arqueologia de la Catalunya Central, 2016. <a title=\"Enlla\u00e7 al document en PDF\" href=\"https:\/\/www.puigciutat.com\/wp-content\/uploads\/IVJACC-PuigCiutat_Orista-power.pdf\" target=\"_blank\">PDF<\/a><\/p>\n<p>Presentation at la Torre d&#8217;Orist\u00e0, 2011. <a title=\"Presentaci\u00f3 Torre d'Orist\u00e0\" href=\"https:\/\/www.puigciutat.com\/wp-content\/uploads\/2015\/03\/Torre_Orista_2011.pdf\" target=\"_blank\">PDF<\/a><\/p>\n","protected":false},"excerpt":{"rendered":"<p>PhD Ble, E. (2016). Guerra y conflicto en el nordeste de Hispania durante el per\u00edodo romano republicano (218 &#8211; 45 a.C). La presencia del ej\u00e9rcito romano a partir de sus evidencias arqueol\u00f3gicas met\u00e1licas UB Padr\u00f3s, C. (2016). La implantaci\u00f3 militar romana a Catalunya: caracteritzaci\u00f3 d\u2019espais militars al NE de la Citerior en \u00e8poca tardorepublicana (ss. &hellip; <a href=\"https:\/\/www.puigciutat.com\/en\/online-resources\/bibliography\/\" class=\"more-link\">Continue reading <span class=\"screen-reader-text\">Bibliography<\/span> <span class=\"meta-nav\">&rarr;<\/span><\/a><\/p>\n","protected":false},"author":1,"featured_media":0,"parent":1391,"menu_order":0,"comment_status":"closed","ping_status":"open","template":"","meta":{"footnotes":""},"class_list":["post-1033","page","type-page","status-publish","hentry"],"_links":{"self":[{"href":"https:\/\/www.puigciutat.com\/en\/wp-json\/wp\/v2\/pages\/1033","targetHints":{"allow":["GET"]}}],"collection":[{"href":"https:\/\/www.puigciutat.com\/en\/wp-json\/wp\/v2\/pages"}],"about":[{"href":"https:\/\/www.puigciutat.com\/en\/wp-json\/wp\/v2\/types\/page"}],"author":[{"embeddable":true,"href":"https:\/\/www.puigciutat.com\/en\/wp-json\/wp\/v2\/users\/1"}],"replies":[{"embeddable":true,"href":"https:\/\/www.puigciutat.com\/en\/wp-json\/wp\/v2\/comments?post=1033"}],"version-history":[{"count":12,"href":"https:\/\/www.puigciutat.com\/en\/wp-json\/wp\/v2\/pages\/1033\/revisions"}],"predecessor-version":[{"id":1994,"href":"https:\/\/www.puigciutat.com\/en\/wp-json\/wp\/v2\/pages\/1033\/revisions\/1994"}],"up":[{"embeddable":true,"href":"https:\/\/www.puigciutat.com\/en\/wp-json\/wp\/v2\/pages\/1391"}],"wp:attachment":[{"href":"https:\/\/www.puigciutat.com\/en\/wp-json\/wp\/v2\/media?parent=1033"}],"curies":[{"name":"wp","href":"https:\/\/api.w.org\/{rel}","templated":true}]}}