{"id":1038,"date":"2015-02-11T22:16:59","date_gmt":"2015-02-11T21:16:59","guid":{"rendered":"http:\/\/www.puigciutat.com\/?page_id=1038"},"modified":"2019-11-08T10:32:53","modified_gmt":"2019-11-08T09:32:53","slug":"videos","status":"publish","type":"page","link":"https:\/\/www.puigciutat.com\/en\/online-resources\/videos\/","title":{"rendered":"Videos"},"content":{"rendered":"<p>El 9nouTV (2018) \u2003 | \u2003 <a title=\"9nouTV\" href=\"https:\/\/el9nou.cat\/video\/acaba-la-campanya-dexcavacions-a-puig-ciutat\/\" target=\"_blank\"><i>Acaba la campanya d\u2019excavacions a Puig ciutat<\/i><\/a><\/p>\n<p>Canal Taronja (2018)\u2003 | \u2003 <a title=\"Canal Taronja=\"><i>Campanya d&#8217;excavacions al jaciment de Puig Ciutat<\/i><\/a><\/p>\n<p><iframe loading=\"lazy\" src=\"https:\/\/www.youtube.com\/embed\/56CKDfl0roc\" width=\"1040\" height=\"585\" frameborder=\"0\" allowfullscreen=\"allowfullscreen\"><\/iframe><\/p>\n<p>El 9nouTV (2018) \u2003 | \u2003 <a title=\"9nouTV\" href=\"https:\/\/el9nou.cat\/video\/jornada-oberta-aquest-diumenge-al-jaciment-de-puig-ciutat\/\" target=\"_blank\"><i>Jornada oberta, aquest diumenge, al jaciment de Puig ciutat<\/i><\/a><\/p>\n<p>Canal Taronja (2017)\u2003 | \u2003 <a title=\"Canal Taronja=\"><i>Comen\u00e7a l&#8217;excavaci\u00f3 al jaciment Puig Ciutat<\/i><\/a><\/p>\n<p><iframe loading=\"lazy\" src=\"https:\/\/www.youtube.com\/embed\/TZH60WTZ4lw\" width=\"1040\" height=\"585\" frameborder=\"0\" allowfullscreen=\"allowfullscreen\"><\/iframe><\/p>\n<p>Tribuna d&#8217;Arqueologia   (18\/01\/2013) \u2003 | \u2003 <a title=\"Tribuna d'Arqueologia\" href=\"http:\/\/blocs.gencat.cat\/blocs\/AppPHP\/tribunadarqueologia\/2013\/01\/18\/propera-conferencia-tribuna-d\u2019arqueologia-2012-2013-\u201cel-jaciment-tardorepublica-de-puig-ciutat-orista-osona-nous-metodes-aplicats-a-larqueologia-de-recerca\u201d-en-directe\/\" target=\"_blank\"><i>El jaciment tardorepublic\u00e0 de Puig Ciutat (Orist\u00e0, Osona), nous m\u00e8todes aplicats a l\u2019arqueologia de recerca<\/i><\/a><\/p>\n<p>SOT Prospecci\u00f3 \u2003 | \u2003 <a title=\"SOT Prospecci\u00f3\" target=\"_blank\"><i>Puig Ciutat 2015 &#8211; Test del nou sistema IDS 600MHz<\/i><\/a><\/p>\n<p><iframe loading=\"lazy\" src=\"https:\/\/www.youtube.com\/embed\/mxjgCsDeUoE\" width=\"1040\" height=\"585\" frameborder=\"0\" allowfullscreen=\"allowfullscreen\"><\/iframe><\/p>\n<p>SOT Prospecci\u00f3 \u2003 | \u2003 <a title=\"SOT Prospecci\u00f3\" target=\"_blank\"><i>Resum de les exploracions a la part est del jaciment &#8211; 2010-2014<\/i><\/a><\/p>\n<p><iframe loading=\"lazy\" src=\"https:\/\/www.youtube.com\/embed\/s0R6JAXhLaw\" width=\"1040\" height=\"585\" frameborder=\"0\" allowfullscreen=\"allowfullscreen\"><\/iframe><\/p>\n<p>SOT Prospecci\u00f3 \u2003 | \u2003 <a title=\"SOT Prospecci\u00f3\" target=\"_blank\"><i>Puig Ciutat 2011 &#8211; Camp 2, animaci\u00f3 dels resultats geof\u00edsics<\/i><\/a><\/p>\n<p><iframe loading=\"lazy\" src=\"https:\/\/www.youtube.com\/embed\/YTTpcB2TcnA\" width=\"1040\" height=\"585\" frameborder=\"0\" allowfullscreen=\"allowfullscreen\"><\/iframe><\/p>\n<p>SOT Prospecci\u00f3 \u2003 | \u2003 <a title=\"SOT Prospecci\u00f3\" target=\"_blank\"><i>Puig Ciutat 2011 &#8211; Camp 1, animaci\u00f3 dels resultats geof\u00edsics<\/i><\/a><\/p>\n<p><iframe loading=\"lazy\" src=\"https:\/\/www.youtube.com\/embed\/mnbmTOQDJQo\" width=\"1040\" height=\"585\" frameborder=\"0\" allowfullscreen=\"allowfullscreen\"><\/iframe><\/p>\n<p>SORO \u2003 | \u2003 <a title=\"SORO\" target=\"_blank\"><i>Puig Ciutat des de l&#8217;aire. Un enclavament defensiu natural (2015)<\/i><\/a><\/p>\n<p><iframe loading=\"lazy\" src=\"https:\/\/www.youtube.com\/embed\/vScXC8lKzt8\" width=\"1040\" height=\"585\" frameborder=\"0\" allowfullscreen=\"allowfullscreen\"><\/iframe><\/p>\n<h3>Reportatges<\/h3>\n<p>Jordi Freixa (07\/2012) \u2003 | \u2003 <a title=\"Reportatge Jordi Freixa\" href=\"http:\/\/youtu.be\/hR-si0E2vk0\" target=\"_blank\"><i>Excavant a Puig Ciutat<\/i><\/a><\/p>\n<p><iframe loading=\"lazy\" src=\"https:\/\/www.youtube.com\/embed\/hR-si0E2vk0\" width=\"1040\" height=\"585\" frameborder=\"0\" allowfullscreen=\"allowfullscreen\"><\/iframe><\/p>\n<p>Jordi Freixa (2013) \u2003 | \u2003 <a title=\"Reportatge Jordi Freixa\" href=\"http:\/\/youtu.be\/m7NXPunVlgQ\" target=\"_blank\"><i>Puig Ciutat, making off<\/i><\/a><\/p>\n<p><iframe loading=\"lazy\" src=\"https:\/\/www.youtube.com\/embed\/m7NXPunVlgQ\" width=\"1040\" height=\"585\" frameborder=\"0\" allowfullscreen=\"allowfullscreen\"><\/iframe><\/p>\n<p>Jordi Freixa (2013) \u2003 | \u2003 <a title=\"Reportatge Jordi Freixa\" href=\"http:\/\/youtu.be\/op2yvlMfSWY\" target=\"_blank\"><i>Puig Ciutat, la pre-excavaci\u00f3<\/i><\/a><\/p>\n<p><iframe loading=\"lazy\" src=\"https:\/\/www.youtube.com\/embed\/op2yvlMfSWY\" width=\"1040\" height=\"585\" frameborder=\"0\" allowfullscreen=\"allowfullscreen\"><\/iframe><\/p>\n<h3>Programes<\/h3>\n<p>Sota Terra   (28\/02\/2012) \u2003 | \u2003 <a title=\"Blog Sota Terra\" href=\"http:\/\/blogs.ccma.cat\/sotaterra.php?itemid=44892\" target=\"_blank\"><i>Entrada de bloc sobre el cap\u00edtol de Puig Ciutat<\/i><\/a><\/p>\n<p>Sota Terra   (26\/02\/2012) \u2003 | \u2003 <a title=\"Sota Terra\" href=\"http:\/\/www.ccma.cat\/tv3\/alacarta\/Sota-terra\/Orista-romans-al-llucanes\/video\/3966270\/\" target=\"_blank\"><i>V\u00eddeo del programa &#8211; Orist\u00e0: romans al llu\u00e7an\u00e8s<\/i><\/a><\/p>\n","protected":false},"excerpt":{"rendered":"<p>El 9nouTV (2018) \u2003 | \u2003 Acaba la campanya d\u2019excavacions a Puig ciutat Canal Taronja (2018)\u2003 | \u2003 Campanya d&#8217;excavacions al jaciment de Puig Ciutat El 9nouTV (2018) \u2003 | \u2003 Jornada oberta, aquest diumenge, al jaciment de Puig ciutat Canal Taronja (2017)\u2003 | \u2003 Comen\u00e7a l&#8217;excavaci\u00f3 al jaciment Puig Ciutat Tribuna d&#8217;Arqueologia (18\/01\/2013) \u2003 &hellip; <a href=\"https:\/\/www.puigciutat.com\/en\/online-resources\/videos\/\" class=\"more-link\">Continue reading <span class=\"screen-reader-text\">Videos<\/span> <span class=\"meta-nav\">&rarr;<\/span><\/a><\/p>\n","protected":false},"author":1,"featured_media":0,"parent":1391,"menu_order":0,"comment_status":"closed","ping_status":"open","template":"","meta":{"footnotes":""},"class_list":["post-1038","page","type-page","status-publish","hentry"],"_links":{"self":[{"href":"https:\/\/www.puigciutat.com\/en\/wp-json\/wp\/v2\/pages\/1038","targetHints":{"allow":["GET"]}}],"collection":[{"href":"https:\/\/www.puigciutat.com\/en\/wp-json\/wp\/v2\/pages"}],"about":[{"href":"https:\/\/www.puigciutat.com\/en\/wp-json\/wp\/v2\/types\/page"}],"author":[{"embeddable":true,"href":"https:\/\/www.puigciutat.com\/en\/wp-json\/wp\/v2\/users\/1"}],"replies":[{"embeddable":true,"href":"https:\/\/www.puigciutat.com\/en\/wp-json\/wp\/v2\/comments?post=1038"}],"version-history":[{"count":2,"href":"https:\/\/www.puigciutat.com\/en\/wp-json\/wp\/v2\/pages\/1038\/revisions"}],"predecessor-version":[{"id":1671,"href":"https:\/\/www.puigciutat.com\/en\/wp-json\/wp\/v2\/pages\/1038\/revisions\/1671"}],"up":[{"embeddable":true,"href":"https:\/\/www.puigciutat.com\/en\/wp-json\/wp\/v2\/pages\/1391"}],"wp:attachment":[{"href":"https:\/\/www.puigciutat.com\/en\/wp-json\/wp\/v2\/media?parent=1038"}],"curies":[{"name":"wp","href":"https:\/\/api.w.org\/{rel}","templated":true}]}}