{"id":1049,"date":"2016-01-13T23:43:46","date_gmt":"2016-01-13T22:43:46","guid":{"rendered":"http:\/\/www.puigciutat.com\/?page_id=1049"},"modified":"2019-11-27T03:00:40","modified_gmt":"2019-11-27T02:00:40","slug":"useful-information","status":"publish","type":"page","link":"https:\/\/www.puigciutat.com\/en\/useful-information\/","title":{"rendered":"Useful information"},"content":{"rendered":"<h5>How to get there<\/h5>\n<p>From the C-25 (Transversal Arterial Road) take exit 164 Moi\u00e0\/Orist\u00e0\/El Lago. Then take the C-670 to Orist\u00e0.<br \/>\nFrom the C-62 take the Prats de Llu\u00e7an\u00e8s exit, then take the BV-4404 to Torre de Orist\u00e0, or exit at Olost.<br \/>\nGPS coordinates 2.0681 41.9491<\/p>\n<h5>What will you find there?<\/h5>\n<p>A free archaeological park with an instructive itinerary that you can follow<br \/>\nA picnic and rest area<br \/>\nHiking routes from Orist\u00e0, Torre d\u2019Orist\u00e0 and Olost, available at <a href=\"https:\/\/www.wikiloc.com\/wikiloc\/find.do?q=puig+ciutat\" target=\"_blank\" rel=\"noopener\">wikiloc.com<\/a><\/p>\n<h5>Do you want to find out more?<\/h5>\n<p>Guided tour to present the results at the end of the summer excavation<\/p>\n<h5>How to visit the site?<\/h5>\n<p>&#8211; free access involving a route that features panels with explanatory information<br \/>\n&#8211; pre-booked guided visit. Contact Orist\u00e0 Town Hall on 93 812 80 06 from 9am to 3pm, Moday to Friday<\/p>\n<h5><strong> Routes with google maps <\/strong><\/h5>\n<p><iframe loading=\"lazy\" src=\"https:\/\/www.google.com\/maps\/d\/embed?mid=z8Ma8i5I886E.kkUetr9eoOww\" width=\"1040\" height=\"500\"><\/iframe><\/p>\n<h5><strong>Navigate with openstreetmap<\/strong><\/h5>\n<p><iframe loading=\"lazy\" style=\"border: 1px solid black;\" src=\"https:\/\/www.openstreetmap.org\/export \/embed.html?bbox=2.0276212692260747%2C41.93210319622453%2C2.0992898941040044%2C41.960000698656884&amp;layer=cyclemap\" width=\"1040\" height=\"500\" frameborder=\"0\" marginwidth=\"0\" marginheight=\"0\" scrolling=\"no\"><\/iframe><\/p>\n<p><small><a href=\"https:\/\/www.openstreetmap.org\/#map=15\/41.9461\/2.0635&amp;layers=C\">View Larger Map<\/a><\/small><\/p>\n","protected":false},"excerpt":{"rendered":"<p>How to get there From the C-25 (Transversal Arterial Road) take exit 164 Moi\u00e0\/Orist\u00e0\/El Lago. Then take the C-670 to Orist\u00e0. From the C-62 take the Prats de Llu\u00e7an\u00e8s exit, then take the BV-4404 to Torre de Orist\u00e0, or exit at Olost. GPS coordinates 2.0681 41.9491 What will you find there? A free archaeological park &hellip; <a href=\"https:\/\/www.puigciutat.com\/en\/useful-information\/\" class=\"more-link\">Continue reading <span class=\"screen-reader-text\">Useful information<\/span> <span class=\"meta-nav\">&rarr;<\/span><\/a><\/p>\n","protected":false},"author":1,"featured_media":0,"parent":0,"menu_order":0,"comment_status":"closed","ping_status":"open","template":"","meta":{"footnotes":""},"class_list":["post-1049","page","type-page","status-publish","hentry"],"_links":{"self":[{"href":"https:\/\/www.puigciutat.com\/en\/wp-json\/wp\/v2\/pages\/1049","targetHints":{"allow":["GET"]}}],"collection":[{"href":"https:\/\/www.puigciutat.com\/en\/wp-json\/wp\/v2\/pages"}],"about":[{"href":"https:\/\/www.puigciutat.com\/en\/wp-json\/wp\/v2\/types\/page"}],"author":[{"embeddable":true,"href":"https:\/\/www.puigciutat.com\/en\/wp-json\/wp\/v2\/users\/1"}],"replies":[{"embeddable":true,"href":"https:\/\/www.puigciutat.com\/en\/wp-json\/wp\/v2\/comments?post=1049"}],"version-history":[{"count":6,"href":"https:\/\/www.puigciutat.com\/en\/wp-json\/wp\/v2\/pages\/1049\/revisions"}],"predecessor-version":[{"id":1713,"href":"https:\/\/www.puigciutat.com\/en\/wp-json\/wp\/v2\/pages\/1049\/revisions\/1713"}],"wp:attachment":[{"href":"https:\/\/www.puigciutat.com\/en\/wp-json\/wp\/v2\/media?parent=1049"}],"curies":[{"name":"wp","href":"https:\/\/api.w.org\/{rel}","templated":true}]}}