{"id":1111,"date":"2015-03-17T12:38:58","date_gmt":"2017-02-03T11:24:19","guid":{"rendered":"http:\/\/www.puigciutat.com\/?page_id=1111"},"modified":"2020-03-22T13:25:52","modified_gmt":"2020-03-22T12:25:52","slug":"team","status":"publish","type":"page","link":"https:\/\/www.puigciutat.com\/en\/team\/","title":{"rendered":"Team"},"content":{"rendered":"<div class=\"container_equip\">\n<h3>Director<\/h3>\n<p>\u00c0ngels Pujol<\/p>\n<h3>Co-directors<\/h3>\n<p>Roger Sala<br \/>\nEduard Ble<br \/>\nRobert Tamba<\/p>\n<h3>Geophysical surveying<\/h3>\n<p><b>SOT Prospecci\u00f3 Arqueol\u00f2gica<\/b><br \/>\nRoger Sala<br \/>\nEkhine Garcia-Barcia (UPV)<br \/>\nRobert Tamba (UB)<br \/>\nHelena Ortiz<br \/>\nPedro Rodr\u00edguez<\/p>\n<h4>With the participation of<\/h4>\n<p>Gianlucca Catanzariti (Universidad Complutense de Madrid)<br \/>\nJoan Claveria (GS Ingenier\u00eda)<br \/>\nMiquell Coll (Xpresa Geot\u00e8cnia)<br \/>\nMartino Giulio Coppola (Universidad Complutense de Madrid)<br \/>\nDean Goodman (Archaeometry Research Laboratory)<br \/>\nGeorge Jabbour (Direction G\u00e9n\u00e9rale des Antiquit\u00e9s du Liban)<br \/>\nRoger Juanola (GS Ingenier\u00eda)<br \/>\nVega P\u00e9rez (Universitat Polit\u00e8cnica de Catalunya)<br \/>\nSonia Santos (Universitat Polit\u00e8cnica de Catalunya)<br \/>\nPhillippe Smedt, de (Universitat de Ghent)<\/p>\n<h3>Anthracology<\/h3>\n<p>Carme Cubero<br \/>\nOriol L\u00f3pez (Universitat Auntonoma de Barcelona)<\/p>\n<h3>Anthropology<\/h3>\n<p>Ot Ordeig<\/p>\n<h3>Advice for the study of the ceramics<\/h3>\n<p>Jordi Principal (Museu d&#8217;Arqueologia de Catalunya)<\/p>\n<h3>Brochure<\/h3>\n<p>Adri\u00e0 Davins (ADeC\u00e9 Disseny)<\/p>\n<h3>Carpology<\/h3>\n<p>Natalia Alonso (Universitat de Lleida)<\/p>\n<h3>C14 datings<\/h3>\n<p>Darden Hood (Beta Analytic Inc.)<\/p>\n<h3>Dissemination<\/h3>\n<p>Marta Homs (Consorci del Llu\u00e7an\u00e8s)<br \/>\nGemma Cardona (Grup DIDPATRI, Universitat de Barcelona)<br \/>\nJordi Freixa (videos. Freelance)<br \/>\nXavier Hern\u00e1ndez (Grup DIDPATRI, Universitat de Barcelona)<br \/>\nMireia Romero (Grup DIDPATRI, Universitat de Barcelona)<br \/>\nRafel Sospedra (Grup DIDPATRI, Universitat de Barcelona; Molecula)<\/p>\n<h3>Fauna<\/h3>\n<p>Laia Font (Universitat de Barcelona)<br \/>\nMaria Sa\u00f1a (Universitat Aut\u00f2noma de Barcelona)<\/p>\n<h3>Phytoliths<\/h3>\n<p>Rosa Maria Albert (ERAAUB, Universitat de Barcelona)<br \/>\nMarta Portillo (CSIC)<\/p>\n<h3>Photogrammetry<\/h3>\n<p>\u00c0ngels Pujol<br \/>\nJoan Eusebi Biosca<br \/>\nBruno Par\u00e9s<br \/>\nMireia Romero<br \/>\nJordi Portell<\/p>\n<h3>Total station rent<\/h3>\n<p>Altop-Topografia<\/p>\n<h3>Residus<\/h3>\n<p>Alessandra Pecci (Universitat de Barcelona)<\/p>\n<h3>Restoration<\/h3>\n<p>Eul\u00e0lia Rib\u00f3 (Centre de Restauraci\u00f3 de B\u00e9ns Mobles de Catalunya)<\/p>\n<h3>Sedimentology<\/h3>\n<p>Eneko Iriarte (Laboratiorio de evoluci\u00f3n Humana, Universidad de Burgos)<\/p>\n<h3>SigArq<\/h3>\n<p>Pablo Fresno, del<\/p>\n<h3>Topography<\/h3>\n<p>Equip Puig Ciutat<br \/>\nAlbert Pratdesaba<br \/>\nDaniel Robles<\/p>\n<h3>Translations and text revisions<\/h3>\n<p>Catal\u00e0 &#8211; Mireia Trull, Marta Bosch<br \/>\nCastellano &#8211; Sara Laguia, Marta Bosch<br \/>\nEnglish &#8211; Andrew Langdon-Davies, Chris Ellison (BUSCI)<\/p>\n<h3>Weaponry<\/h3>\n<p>Eduard Ble<\/p>\n<h3>Website<\/h3>\n<p>Jordi Portell<br \/>\nRobert Tamba<\/p>\n<h3>Participants in the excavation<\/h3>\n<p>Aina Amat<br \/>\nOriol Ambl\u00e0s<br \/>\nPierre Astor<br \/>\nSabina Batlle<br \/>\nLara Blanch<br \/>\nEduard Ble<br \/>\nSalvador Busquets<br \/>\nPilar Cama\u00f1es<br \/>\nJoan Canela<br \/>\nGemma Cardona<br \/>\n\u00c0lex Circuns<br \/>\nJordi Compte<br \/>\nMarc Contel<br \/>\nElisabet Cors<br \/>\nJordi Costa<br \/>\nCarme Cubero<br \/>\nMiquel Donaire<br \/>\nIrene Est\u00e9vez<br \/>\nNacho Fern\u00e1ndez<br \/>\nMarina Fern\u00e1ndez<br \/>\nPaulina Ferrer<br \/>\nJoan Frigola<br \/>\nMontse Fuma\u00f1a<br \/>\nM\u00f2nica Gallach<br \/>\nArnau Garcia<br \/>\nLaura Gasc\u00f3n<br \/>\nJordi Gibert<br \/>\nCristina Gonz\u00e1lez<br \/>\nCarlos Granero<br \/>\nJosep Gu\u00e0rida<br \/>\nMarta Homs<br \/>\nGeorges Jabbour<br \/>\nPol Junyent<br \/>\nEduard L\u00f3pez<br \/>\nXavier Masramon<br \/>\nN\u00faria Morell<br \/>\nT\u00e0nia Mu\u00f1\u00f3z<br \/>\nJosep Navalon<br \/>\nOt Ordeig<br \/>\nJordi Plans<br \/>\nT\u00e0nia Polonio<br \/>\nAlbert Pratdesaba<br \/>\nMontserrat Rocafiguera, de<br \/>\nMayca Rojo<br \/>\nMireia Romero<br \/>\nXavier Rubio<br \/>\nGonzalo Saiz<br \/>\nQuim Sisa<br \/>\nAlba Sobrino<br \/>\nPau Vald\u00e9s<br \/>\nLaura Villena<br \/>\nMaria Yubero<\/p>\n<h3>Administrative and logistic support<\/h3>\n<p>Consorci de Municipis del Llu\u00e7an\u00e8s &#8211; Xavier Barniol, Maria Faura, Marta Homs<br \/>\nAjuntament d&#8217;Orist\u00e0 &#8211; Marta Andreu<\/p>\n<\/div>\n","protected":false},"excerpt":{"rendered":"<p>Director \u00c0ngels Pujol Co-directors Roger Sala Eduard Ble Robert Tamba Geophysical surveying SOT Prospecci\u00f3 Arqueol\u00f2gica Roger Sala Ekhine Garcia-Barcia (UPV) Robert Tamba (UB) Helena Ortiz Pedro Rodr\u00edguez With the participation of Gianlucca Catanzariti (Universidad Complutense de Madrid) Joan Claveria (GS Ingenier\u00eda) Miquell Coll (Xpresa Geot\u00e8cnia) Martino Giulio Coppola (Universidad Complutense de Madrid) Dean Goodman (Archaeometry &hellip; <a href=\"https:\/\/www.puigciutat.com\/en\/team\/\" class=\"more-link\">Continue reading <span class=\"screen-reader-text\">Team<\/span> <span class=\"meta-nav\">&rarr;<\/span><\/a><\/p>\n","protected":false},"author":1,"featured_media":0,"parent":0,"menu_order":0,"comment_status":"closed","ping_status":"open","template":"","meta":{"footnotes":""},"class_list":["post-1111","page","type-page","status-publish","hentry"],"_links":{"self":[{"href":"https:\/\/www.puigciutat.com\/en\/wp-json\/wp\/v2\/pages\/1111","targetHints":{"allow":["GET"]}}],"collection":[{"href":"https:\/\/www.puigciutat.com\/en\/wp-json\/wp\/v2\/pages"}],"about":[{"href":"https:\/\/www.puigciutat.com\/en\/wp-json\/wp\/v2\/types\/page"}],"author":[{"embeddable":true,"href":"https:\/\/www.puigciutat.com\/en\/wp-json\/wp\/v2\/users\/1"}],"replies":[{"embeddable":true,"href":"https:\/\/www.puigciutat.com\/en\/wp-json\/wp\/v2\/comments?post=1111"}],"version-history":[{"count":3,"href":"https:\/\/www.puigciutat.com\/en\/wp-json\/wp\/v2\/pages\/1111\/revisions"}],"predecessor-version":[{"id":1833,"href":"https:\/\/www.puigciutat.com\/en\/wp-json\/wp\/v2\/pages\/1111\/revisions\/1833"}],"wp:attachment":[{"href":"https:\/\/www.puigciutat.com\/en\/wp-json\/wp\/v2\/media?parent=1111"}],"curies":[{"name":"wp","href":"https:\/\/api.w.org\/{rel}","templated":true}]}}