{"id":1410,"date":"2015-02-11T22:45:27","date_gmt":"2017-02-27T18:57:44","guid":{"rendered":"http:\/\/www.puigciutat.com\/?page_id=1410"},"modified":"2019-11-27T03:46:02","modified_gmt":"2019-11-27T02:46:02","slug":"the-context","status":"publish","type":"page","link":"https:\/\/www.puigciutat.com\/en\/the-site\/the-context\/","title":{"rendered":"The Context"},"content":{"rendered":"<p>The Puig Ciutat site is located in the centre of the municipal district of Orist\u00e0 (comarca of Osona), at the southern end of the raised plain of Llu\u00e7an\u00e8s. The area is bordered by the Gavarresa stream and one of its affluents, the Olost stream. The entire archaeological area covers a surface area of 5.1 hectares (12.6 acres) at the top of the plain, divided between farmland and wooded areas.<\/p>\n<p>Despite the height of the hill above the two rivers, it doesn\u2019t stand out from the surrounding area as there are other similar elevations in the vicinity. It must have got its importance from the presence of a road, an old \u2018transversal arterial road\u2019 communicating the area of the coast and the eastern Pyrenees with the Lleida area and the interior of the Iberian Peninsula.<\/p>\n<p>The work done so far has allowed us to identify three phases: the two oldest are the least understood and can probably be dated to the Late Bronze Age and the Iberian period. As for the third phase, the most modern, this is the one we understand best as it has been extensively excavated. It consists of a Roman Republican settlement, probably a military garrison, attacked and destroyed during the 1st century BC during the Civil War between Julius Caesar and Pompey\u2019s supporters.<\/p>\n","protected":false},"excerpt":{"rendered":"<p>The Puig Ciutat site is located in the centre of the municipal district of Orist\u00e0 (comarca of Osona), at the southern end of the raised plain of Llu\u00e7an\u00e8s. The area is bordered by the Gavarresa stream and one of its affluents, the Olost stream. The entire archaeological area covers a surface area of 5.1 hectares &hellip; <a href=\"https:\/\/www.puigciutat.com\/en\/the-site\/the-context\/\" class=\"more-link\">Continue reading <span class=\"screen-reader-text\">The Context<\/span> <span class=\"meta-nav\">&rarr;<\/span><\/a><\/p>\n","protected":false},"author":1,"featured_media":1402,"parent":1702,"menu_order":0,"comment_status":"closed","ping_status":"closed","template":"context_en.php","meta":{"footnotes":""},"class_list":["post-1410","page","type-page","status-publish","has-post-thumbnail","hentry"],"_links":{"self":[{"href":"https:\/\/www.puigciutat.com\/en\/wp-json\/wp\/v2\/pages\/1410","targetHints":{"allow":["GET"]}}],"collection":[{"href":"https:\/\/www.puigciutat.com\/en\/wp-json\/wp\/v2\/pages"}],"about":[{"href":"https:\/\/www.puigciutat.com\/en\/wp-json\/wp\/v2\/types\/page"}],"author":[{"embeddable":true,"href":"https:\/\/www.puigciutat.com\/en\/wp-json\/wp\/v2\/users\/1"}],"replies":[{"embeddable":true,"href":"https:\/\/www.puigciutat.com\/en\/wp-json\/wp\/v2\/comments?post=1410"}],"version-history":[{"count":1,"href":"https:\/\/www.puigciutat.com\/en\/wp-json\/wp\/v2\/pages\/1410\/revisions"}],"predecessor-version":[{"id":1412,"href":"https:\/\/www.puigciutat.com\/en\/wp-json\/wp\/v2\/pages\/1410\/revisions\/1412"}],"up":[{"embeddable":true,"href":"https:\/\/www.puigciutat.com\/en\/wp-json\/wp\/v2\/pages\/1702"}],"wp:featuredmedia":[{"embeddable":true,"href":"https:\/\/www.puigciutat.com\/en\/wp-json\/wp\/v2\/media\/1402"}],"wp:attachment":[{"href":"https:\/\/www.puigciutat.com\/en\/wp-json\/wp\/v2\/media?parent=1410"}],"curies":[{"name":"wp","href":"https:\/\/api.w.org\/{rel}","templated":true}]}}