{"id":1174,"date":"2016-01-13T23:43:46","date_gmt":"2016-01-13T22:43:46","guid":{"rendered":"http:\/\/www.puigciutat.com\/?page_id=1174"},"modified":"2019-11-27T03:06:44","modified_gmt":"2019-11-27T02:06:44","slug":"informacion-practica","status":"publish","type":"page","link":"https:\/\/www.puigciutat.com\/es\/informacion-practica\/","title":{"rendered":"Informaci\u00f3n pr\u00e1ctica"},"content":{"rendered":"<h5>\u00bfC\u00f3mo llegar?<\/h5>\n<p>Desde el eix transversal (C-25) salida 164 Moi\u00e0\/Orist\u00e0\/L&#8217;Estany, hay que tomar la carretera C-670 hasta Orist\u00e0<br \/>\nDesde la C-62 hay que salir en Prats de Llu\u00e7an\u00e8s, y a continuaci\u00f3n tomar la carretera BV-4404 hasta la Torre de Orist\u00e0, o bien salir a Olost<br \/>\nCoordenadas GPS 2.0681 41.9491<\/p>\n<h5>\u00bfQu\u00e9 encontrar\u00e1s?<\/h5>\n<p>Un parque arqueol\u00f3gico de acceso libre con un itinerario informativo<br \/>\nUna \u00e1rea de p\u00edcnic y de descanso<br \/>\nRutas de senderismo desde Orist\u00e0, la Torre de Orist\u00e0 y Olost, disponibles en <a href=\"https:\/\/es.wikiloc.com\/wikiloc\/find.do?q=puig+ciutat\">es.wikiloc.com<\/a><\/p>\n<h5>\u00bfQuieres saber m\u00e1s?<\/h5>\n<p>Jornada de presentaci\u00f3n de resultados al final de las excavaciones de verano<\/p>\n<h5>\u00bfQuieres visitar el yacimiento?<\/h5>\n<p>&#8211; visita de acceso libre a trav\u00e9s de un recorrido con paneles informativos y explicativos<br \/>\n&#8211; visita guiada con reserva previa. Hay que contactar con el ayuntamiento de Orist\u00e0 al 93 812 80 06 de 9 a 15h de lunes a viernes<\/p>\n<h5><strong>Itinerarios amb google maps<\/strong><br \/>\n<iframe loading=\"lazy\" src=\"https:\/\/www.google.com\/maps\/d\/embed?mid=z8Ma8i5I886E.kkUetr9eoOww\" width=\"1040\" height=\"500\"><\/iframe><\/h5>\n<h5><strong>Navega con openstreetmap<\/strong><\/h5>\n<p><iframe loading=\"lazy\" style=\"border: 1px solid black;\" src=\"https:\/\/www.openstreetmap.org\/export\/embed.html?bbox=2.0276212692260747%2C41.93210319622453%2C2.0992898941040044%2C41.960000698656884&amp;layer=cyclemap\" width=\"1040\" height=\"500\" frameborder=\"0\" marginwidth=\"0\" marginheight=\"0\" scrolling=\"no\"><\/iframe><br \/>\n<small><a href=\"https:\/\/www.openstreetmap.org\/#map=15\/41.9461\/2.0635&amp;layers=C\">View Larger Map<\/a><\/small><\/p>\n","protected":false},"excerpt":{"rendered":"<p>\u00bfC\u00f3mo llegar? Desde el eix transversal (C-25) salida 164 Moi\u00e0\/Orist\u00e0\/L&#8217;Estany, hay que tomar la carretera C-670 hasta Orist\u00e0 Desde la C-62 hay que salir en Prats de Llu\u00e7an\u00e8s, y a continuaci\u00f3n tomar la carretera BV-4404 hasta la Torre de Orist\u00e0, o bien salir a Olost Coordenadas GPS 2.0681 41.9491 \u00bfQu\u00e9 encontrar\u00e1s? Un parque arqueol\u00f3gico de &hellip; <a href=\"https:\/\/www.puigciutat.com\/es\/informacion-practica\/\" class=\"more-link\">Continue reading <span class=\"screen-reader-text\">Informaci\u00f3n pr\u00e1ctica<\/span> <span class=\"meta-nav\">&rarr;<\/span><\/a><\/p>\n","protected":false},"author":1,"featured_media":0,"parent":0,"menu_order":0,"comment_status":"closed","ping_status":"open","template":"","meta":{"footnotes":""},"class_list":["post-1174","page","type-page","status-publish","hentry"],"_links":{"self":[{"href":"https:\/\/www.puigciutat.com\/es\/wp-json\/wp\/v2\/pages\/1174","targetHints":{"allow":["GET"]}}],"collection":[{"href":"https:\/\/www.puigciutat.com\/es\/wp-json\/wp\/v2\/pages"}],"about":[{"href":"https:\/\/www.puigciutat.com\/es\/wp-json\/wp\/v2\/types\/page"}],"author":[{"embeddable":true,"href":"https:\/\/www.puigciutat.com\/es\/wp-json\/wp\/v2\/users\/1"}],"replies":[{"embeddable":true,"href":"https:\/\/www.puigciutat.com\/es\/wp-json\/wp\/v2\/comments?post=1174"}],"version-history":[{"count":5,"href":"https:\/\/www.puigciutat.com\/es\/wp-json\/wp\/v2\/pages\/1174\/revisions"}],"predecessor-version":[{"id":1715,"href":"https:\/\/www.puigciutat.com\/es\/wp-json\/wp\/v2\/pages\/1174\/revisions\/1715"}],"wp:attachment":[{"href":"https:\/\/www.puigciutat.com\/es\/wp-json\/wp\/v2\/media?parent=1174"}],"curies":[{"name":"wp","href":"https:\/\/api.w.org\/{rel}","templated":true}]}}