{"id":1195,"date":"2015-01-07T10:46:35","date_gmt":"2015-01-07T09:46:35","guid":{"rendered":"http:\/\/www.puigciutat.com\/?page_id=1195"},"modified":"2024-12-20T10:35:07","modified_gmt":"2024-12-20T09:35:07","slug":"museo-virtual","status":"publish","type":"page","link":"https:\/\/www.puigciutat.com\/es\/museo-virtual\/","title":{"rendered":"Museo virtual"},"content":{"rendered":"<p>El uso de las nuevas tecnolog\u00edas no solo ha permitido potenciar la investigaci\u00f3n del yacimiento de Puig Ciutat en digitalizaci\u00f3n, gesti\u00f3n, an\u00e1lisis e interpretaci\u00f3n de los datos del campo, sino que tambi\u00e9n ha permitido hacer difusi\u00f3n. En este sentido, la tecnolog\u00eda 3D ofrece la posibilidad de presentar modelos interactivos de elementos y de espacios arqueol\u00f3gicos que permiten transmitir contenidos y resultados cient\u00edficos complejos de manera simple. Por este motivo, el objetivo principal de este apartado es presentar modelos 3D de las piezas recuperadas en las diferentes campa\u00f1as arqueol\u00f3gicas.<\/p>\n","protected":false},"excerpt":{"rendered":"<p>El uso de las nuevas tecnolog\u00edas no solo ha permitido potenciar la investigaci\u00f3n del yacimiento de Puig Ciutat en digitalizaci\u00f3n, gesti\u00f3n, an\u00e1lisis e interpretaci\u00f3n de los datos del campo, sino que tambi\u00e9n ha permitido hacer difusi\u00f3n. En este sentido, la tecnolog\u00eda 3D ofrece la posibilidad de presentar modelos interactivos de elementos y de espacios arqueol\u00f3gicos &hellip; <a href=\"https:\/\/www.puigciutat.com\/es\/museo-virtual\/\" class=\"more-link\">Continue reading <span class=\"screen-reader-text\">Museo virtual<\/span> <span class=\"meta-nav\">&rarr;<\/span><\/a><\/p>\n","protected":false},"author":1,"featured_media":0,"parent":0,"menu_order":0,"comment_status":"closed","ping_status":"closed","template":"arqueologia_3d_2.php","meta":{"footnotes":""},"class_list":["post-1195","page","type-page","status-publish","hentry"],"_links":{"self":[{"href":"https:\/\/www.puigciutat.com\/es\/wp-json\/wp\/v2\/pages\/1195","targetHints":{"allow":["GET"]}}],"collection":[{"href":"https:\/\/www.puigciutat.com\/es\/wp-json\/wp\/v2\/pages"}],"about":[{"href":"https:\/\/www.puigciutat.com\/es\/wp-json\/wp\/v2\/types\/page"}],"author":[{"embeddable":true,"href":"https:\/\/www.puigciutat.com\/es\/wp-json\/wp\/v2\/users\/1"}],"replies":[{"embeddable":true,"href":"https:\/\/www.puigciutat.com\/es\/wp-json\/wp\/v2\/comments?post=1195"}],"version-history":[{"count":1,"href":"https:\/\/www.puigciutat.com\/es\/wp-json\/wp\/v2\/pages\/1195\/revisions"}],"predecessor-version":[{"id":1197,"href":"https:\/\/www.puigciutat.com\/es\/wp-json\/wp\/v2\/pages\/1195\/revisions\/1197"}],"wp:attachment":[{"href":"https:\/\/www.puigciutat.com\/es\/wp-json\/wp\/v2\/media?parent=1195"}],"curies":[{"name":"wp","href":"https:\/\/api.w.org\/{rel}","templated":true}]}}