{"id":1414,"date":"2015-02-11T22:45:27","date_gmt":"2017-02-27T19:03:53","guid":{"rendered":"http:\/\/www.puigciutat.com\/?page_id=1414"},"modified":"2019-11-27T03:47:59","modified_gmt":"2019-11-27T02:47:59","slug":"contexto","status":"publish","type":"page","link":"https:\/\/www.puigciutat.com\/es\/yacimiento\/contexto\/","title":{"rendered":"Contexto"},"content":{"rendered":"<p>El yacimiento de Puig Ciutat est\u00e1 situado en el centro del t\u00e9rmino municipal de Orist\u00e1 (Osona), en el extremo meridional del altiplano del Llusan\u00e9s. El lugar est\u00e1 rodeado por el torrente La Gavarresa y por uno de sus afluentes, el torrente de Olost. Toda el \u00e1rea arqueol\u00f3gica ocupa una extensi\u00f3n de 5,1 hect\u00e1reas, en la cima del altiplano, en medio de campos y zonas boscosas.<br \/>\nA pesar de la altitud del cerro respecto a los dos cursos fluviales, este no destaca en relaci\u00f3n a su entorno, ya que en las inmediaciones hay elevaciones similares. En este sentido, su importancia se deber\u00eda relacionar probablemente con la presencia de una v\u00eda, de un \u201ceje Transversal\u201d antiguo, que comunicaba la zona de la costa y el Pirineo oriental con la zona leridana y el interior peninsular.<br \/>\nLos trabajos realizados hasta el momento nos han permitido identificar hasta tres fases: las dos m\u00e1s antiguas son las menos conocidas y se situar\u00edan probablemente entre el Bronce Final y el Per\u00edodo ib\u00e9rico pleno. En el caso de la tercera fase, la m\u00e1s moderna, es la que mejor conocemos porque se ha podido excavar en extensi\u00f3n. Se trata de un asentamiento romano republicano, es posible que fuera una guarnici\u00f3n militar, asaltada y destruida durante el siglo I a.C., en el contexto de la guerra civil entre Julio C\u00e9sar y los partidarios de Pompeyo.<\/p>\n","protected":false},"excerpt":{"rendered":"<p>El yacimiento de Puig Ciutat est\u00e1 situado en el centro del t\u00e9rmino municipal de Orist\u00e1 (Osona), en el extremo meridional del altiplano del Llusan\u00e9s. El lugar est\u00e1 rodeado por el torrente La Gavarresa y por uno de sus afluentes, el torrente de Olost. Toda el \u00e1rea arqueol\u00f3gica ocupa una extensi\u00f3n de 5,1 hect\u00e1reas, en la &hellip; <a href=\"https:\/\/www.puigciutat.com\/es\/yacimiento\/contexto\/\" class=\"more-link\">Continue reading <span class=\"screen-reader-text\">Contexto<\/span> <span class=\"meta-nav\">&rarr;<\/span><\/a><\/p>\n","protected":false},"author":1,"featured_media":1400,"parent":1387,"menu_order":0,"comment_status":"closed","ping_status":"closed","template":"context_es.php","meta":{"footnotes":""},"class_list":["post-1414","page","type-page","status-publish","has-post-thumbnail","hentry"],"_links":{"self":[{"href":"https:\/\/www.puigciutat.com\/es\/wp-json\/wp\/v2\/pages\/1414","targetHints":{"allow":["GET"]}}],"collection":[{"href":"https:\/\/www.puigciutat.com\/es\/wp-json\/wp\/v2\/pages"}],"about":[{"href":"https:\/\/www.puigciutat.com\/es\/wp-json\/wp\/v2\/types\/page"}],"author":[{"embeddable":true,"href":"https:\/\/www.puigciutat.com\/es\/wp-json\/wp\/v2\/users\/1"}],"replies":[{"embeddable":true,"href":"https:\/\/www.puigciutat.com\/es\/wp-json\/wp\/v2\/comments?post=1414"}],"version-history":[{"count":1,"href":"https:\/\/www.puigciutat.com\/es\/wp-json\/wp\/v2\/pages\/1414\/revisions"}],"predecessor-version":[{"id":1416,"href":"https:\/\/www.puigciutat.com\/es\/wp-json\/wp\/v2\/pages\/1414\/revisions\/1416"}],"up":[{"embeddable":true,"href":"https:\/\/www.puigciutat.com\/es\/wp-json\/wp\/v2\/pages\/1387"}],"wp:featuredmedia":[{"embeddable":true,"href":"https:\/\/www.puigciutat.com\/es\/wp-json\/wp\/v2\/media\/1400"}],"wp:attachment":[{"href":"https:\/\/www.puigciutat.com\/es\/wp-json\/wp\/v2\/media?parent=1414"}],"curies":[{"name":"wp","href":"https:\/\/api.w.org\/{rel}","templated":true}]}}