{"id":1431,"date":"2015-01-07T12:01:07","date_gmt":"2017-02-27T19:30:23","guid":{"rendered":"http:\/\/www.puigciutat.com\/?page_id=1431"},"modified":"2019-11-27T03:51:04","modified_gmt":"2019-11-27T02:51:04","slug":"nuevas-tecnologias","status":"publish","type":"page","link":"https:\/\/www.puigciutat.com\/es\/yacimiento\/nuevas-tecnologias\/","title":{"rendered":"Nuevas Tecnolog\u00edas"},"content":{"rendered":"<p>Desde la primera campa\u00f1a, desarrollada en primavera \u2013 verano del a\u00f1o 2010, Puig Ciutat se ha convertido en un campo experimental e innovador en metodolog\u00eda arqueol\u00f3gica gracias a la introducci\u00f3n y aplicaci\u00f3n anual de nuevas tecnolog\u00edas y t\u00e9cnicas de investigaci\u00f3n. Entre las diferentes t\u00e9cnicas empleadas, destacan las prospecciones geof\u00edsicas, el desarrollo de diversas aplicaciones GIS y el uso de t\u00e9cnicas 3D que sirven para entender mejor el asentamiento en relaci\u00f3n con su entorno, as\u00ed como las diferentes estructuras arqueol\u00f3gicas descubiertas.<\/p>\n","protected":false},"excerpt":{"rendered":"<p>Desde la primera campa\u00f1a, desarrollada en primavera \u2013 verano del a\u00f1o 2010, Puig Ciutat se ha convertido en un campo experimental e innovador en metodolog\u00eda arqueol\u00f3gica gracias a la introducci\u00f3n y aplicaci\u00f3n anual de nuevas tecnolog\u00edas y t\u00e9cnicas de investigaci\u00f3n. Entre las diferentes t\u00e9cnicas empleadas, destacan las prospecciones geof\u00edsicas, el desarrollo de diversas aplicaciones GIS &hellip; <a href=\"https:\/\/www.puigciutat.com\/es\/yacimiento\/nuevas-tecnologias\/\" class=\"more-link\">Continue reading <span class=\"screen-reader-text\">Nuevas Tecnolog\u00edas<\/span> <span class=\"meta-nav\">&rarr;<\/span><\/a><\/p>\n","protected":false},"author":1,"featured_media":1404,"parent":1387,"menu_order":0,"comment_status":"closed","ping_status":"closed","template":"noves_tecnologies_es.php","meta":{"footnotes":""},"class_list":["post-1431","page","type-page","status-publish","has-post-thumbnail","hentry"],"_links":{"self":[{"href":"https:\/\/www.puigciutat.com\/es\/wp-json\/wp\/v2\/pages\/1431","targetHints":{"allow":["GET"]}}],"collection":[{"href":"https:\/\/www.puigciutat.com\/es\/wp-json\/wp\/v2\/pages"}],"about":[{"href":"https:\/\/www.puigciutat.com\/es\/wp-json\/wp\/v2\/types\/page"}],"author":[{"embeddable":true,"href":"https:\/\/www.puigciutat.com\/es\/wp-json\/wp\/v2\/users\/1"}],"replies":[{"embeddable":true,"href":"https:\/\/www.puigciutat.com\/es\/wp-json\/wp\/v2\/comments?post=1431"}],"version-history":[{"count":1,"href":"https:\/\/www.puigciutat.com\/es\/wp-json\/wp\/v2\/pages\/1431\/revisions"}],"predecessor-version":[{"id":1433,"href":"https:\/\/www.puigciutat.com\/es\/wp-json\/wp\/v2\/pages\/1431\/revisions\/1433"}],"up":[{"embeddable":true,"href":"https:\/\/www.puigciutat.com\/es\/wp-json\/wp\/v2\/pages\/1387"}],"wp:featuredmedia":[{"embeddable":true,"href":"https:\/\/www.puigciutat.com\/es\/wp-json\/wp\/v2\/media\/1404"}],"wp:attachment":[{"href":"https:\/\/www.puigciutat.com\/es\/wp-json\/wp\/v2\/media?parent=1431"}],"curies":[{"name":"wp","href":"https:\/\/api.w.org\/{rel}","templated":true}]}}