{"id":1441,"date":"2015-01-07T12:02:02","date_gmt":"2017-02-27T19:45:53","guid":{"rendered":"http:\/\/www.puigciutat.com\/?page_id=1441"},"modified":"2019-11-27T03:53:10","modified_gmt":"2019-11-27T02:53:10","slug":"excavaciones","status":"publish","type":"page","link":"https:\/\/www.puigciutat.com\/es\/yacimiento\/excavaciones\/","title":{"rendered":"Excavaciones"},"content":{"rendered":"<p>La imagen superior permite observar la ubicaci\u00f3n geogr\u00e1fica de todas las intervenciones arqueol\u00f3gicas realizadas. <strong>Para m\u00e1s informaci\u00f3n pulsar sobre la imagen.<\/strong><\/p>\n<p>Las excavaciones en Puig Ciutat han consistido en la apertura de varios sondeos y en la posterior ampliaci\u00f3n en extensi\u00f3n de aquellos que permit\u00edan caracterizar estructuras coherentes: habitaciones, calles, muralla, etc.<\/p>\n<p>A lo largo de la excavaci\u00f3n se han documentado objetivamente las estructuras y los estratos mediante su enumeraci\u00f3n correlativa, nombr\u00e1ndolos \u201cunidades estratigr\u00e1ficas\u201d. Para cada unidad estratigr\u00e1fica se ha efectuado un registro escrito (fichas) y un registro gr\u00e1fico (fotograf\u00eda y dibujo arqueol\u00f3gico). En relaci\u00f3n con el trabajo de campo, pr\u00e1cticamente desde el principio, se ha introducido la utilizaci\u00f3n de una estaci\u00f3n total rob\u00f3tica y tambi\u00e9n la realizaci\u00f3n de ortofotograf\u00edas y de fotogrametr\u00edas permitiendo agilizar y mejorar notablemente el registro. <\/p>\n<p>Al finalizar la excavaci\u00f3n se ha limpiado, clasificado, inventariado y se han puesto siglas en todo el material recuperado. Terminado este proceso, se ha fotografiado y\/o dibujado el material m\u00e1s destacado para poder seguir con su estudio que, en muchos casos, ha proporcionado una dataci\u00f3n m\u00e1s precisa del asentamiento o un mejor conocimiento de la vida cotidiana de sus habitantes.<\/p>\n","protected":false},"excerpt":{"rendered":"<p>La imagen superior permite observar la ubicaci\u00f3n geogr\u00e1fica de todas las intervenciones arqueol\u00f3gicas realizadas. Para m\u00e1s informaci\u00f3n pulsar sobre la imagen. Las excavaciones en Puig Ciutat han consistido en la apertura de varios sondeos y en la posterior ampliaci\u00f3n en extensi\u00f3n de aquellos que permit\u00edan caracterizar estructuras coherentes: habitaciones, calles, muralla, etc. A lo largo &hellip; <a href=\"https:\/\/www.puigciutat.com\/es\/yacimiento\/excavaciones\/\" class=\"more-link\">Continue reading <span class=\"screen-reader-text\">Excavaciones<\/span> <span class=\"meta-nav\">&rarr;<\/span><\/a><\/p>\n","protected":false},"author":1,"featured_media":1627,"parent":1387,"menu_order":0,"comment_status":"closed","ping_status":"closed","template":"excavacions_es.php","meta":{"footnotes":""},"class_list":["post-1441","page","type-page","status-publish","has-post-thumbnail","hentry"],"_links":{"self":[{"href":"https:\/\/www.puigciutat.com\/es\/wp-json\/wp\/v2\/pages\/1441","targetHints":{"allow":["GET"]}}],"collection":[{"href":"https:\/\/www.puigciutat.com\/es\/wp-json\/wp\/v2\/pages"}],"about":[{"href":"https:\/\/www.puigciutat.com\/es\/wp-json\/wp\/v2\/types\/page"}],"author":[{"embeddable":true,"href":"https:\/\/www.puigciutat.com\/es\/wp-json\/wp\/v2\/users\/1"}],"replies":[{"embeddable":true,"href":"https:\/\/www.puigciutat.com\/es\/wp-json\/wp\/v2\/comments?post=1441"}],"version-history":[{"count":1,"href":"https:\/\/www.puigciutat.com\/es\/wp-json\/wp\/v2\/pages\/1441\/revisions"}],"predecessor-version":[{"id":1443,"href":"https:\/\/www.puigciutat.com\/es\/wp-json\/wp\/v2\/pages\/1441\/revisions\/1443"}],"up":[{"embeddable":true,"href":"https:\/\/www.puigciutat.com\/es\/wp-json\/wp\/v2\/pages\/1387"}],"wp:featuredmedia":[{"embeddable":true,"href":"https:\/\/www.puigciutat.com\/es\/wp-json\/wp\/v2\/media\/1627"}],"wp:attachment":[{"href":"https:\/\/www.puigciutat.com\/es\/wp-json\/wp\/v2\/media?parent=1441"}],"curies":[{"name":"wp","href":"https:\/\/api.w.org\/{rel}","templated":true}]}}