{"id":2792,"date":"2024-02-12T17:13:25","date_gmt":"2024-02-12T16:13:25","guid":{"rendered":"https:\/\/www.puigciutat.com\/?page_id=2792"},"modified":"2024-02-12T17:15:44","modified_gmt":"2024-02-12T16:15:44","slug":"sobre-el-proyecto","status":"publish","type":"page","link":"https:\/\/www.puigciutat.com\/es\/sobre-el-proyecto\/","title":{"rendered":"Sobre el proyecto"},"content":{"rendered":"<div class=\"text-content-block_5\">\nPuig Ciutat es un yacimiento que en su \u00faltima fase, durante el periodo romano tardo-republicano, habr\u00eda funcionado como defensa militar o <em>praesidia<\/em> en el territorio, en un momento de gran inestabilidad pol\u00edtica como lo fue el de la guerra civil entre Julio C\u00e9sar y los partidarios de Pompeyo Magno (a mediados del s. I a.C.). El yacimiento cuenta tambi\u00e9n con dos fases anteriores, una posiblemente ib\u00e9rica (aprox. s. IV-II a.C.), muy mal conservada debido a la ocupaci\u00f3n romana posterior, y una anterior, de finales de la Edad del Bronce\/Primera Edad del Hierro (aprox. mediados del s. IX-VII a.C.) que todav\u00eda permanece bastante desconocida\n<\/div>\n<div id=\"back-image\" class=\"entry-thumbnail\">\n<img decoding=\"async\" src=\"https:\/\/www.puigciutat.com\/wp-content\/uploads\/PC_menus_projecte-cas3.jpg\"\/><\/p>\n<div class=\"image-map\">\n    <a class=\"pr_l1\" href=\"https:\/\/www.puigciutat.com\/es\/visita-virtual\/\"><\/a><br \/>\n    <a class=\"pr_l2\" href=\"https:\/\/www.puigciutat.com\/es\/museo-virtual\/\"><\/a>\n  <\/div>\n<\/div>\n<div class=\"text-content-block_4\">\nEn la era digital, la metodolog\u00eda utilizada en el mundo de la arqueolog\u00eda est\u00e1 experimentando un cambio radical. Este cambio se caracteriza, en parte, por una digitalizaci\u00f3n cada vez m\u00e1s sistem\u00e1tica de la informaci\u00f3n y por el uso de t\u00e9cnicas complementarias no destructivas que permiten optimizar tiempo o recursos.<\/p>\n<p>En el a\u00f1o 2010 se inicia el actual proyecto de Puig Ciutat. Desde el principio, se plantea una planificaci\u00f3n de las tareas arqueol\u00f3gicas a partir de la exploraci\u00f3n del yacimiento y de su entorno con m\u00e9todos geof\u00edsicos, y, progresivamente, se integran diferentes herramientas para el registro digital de los resultados de las excavaciones.<\/p>\n<p>Puig Ciutat es un proyecto transdisciplinar que tiene como principal objetivo el construir un campo de pruebas para la aplicaci\u00f3n de nuevas metodolog\u00edas en arqueolog\u00eda y para una difusi\u00f3n interactiva y comunitaria de la informaci\u00f3n.<\/p>\n<p>El proyecto se basa en la combinaci\u00f3n de diferentes m\u00e9todos de prospecci\u00f3n geof\u00edsica para la excavaci\u00f3n en extensi\u00f3n de diferentes estancias detectadas con este sistema. Se integran progresivamente diferentes herramientas para el registro digital de los resultados de las excavaciones (fotogrametr\u00edas, sistemas de informaci\u00f3n geogr\u00e1fica, etc.) que permiten optimizar el tiempo y los recursos facilitando de esta manera la difusi\u00f3n de los datos obtenidos.<\/p>\n<p>El proyecto est\u00e1 encabezado por la asociaci\u00f3n GIRA. Participan tambi\u00e9n la empresa profesional <a href=\"http:\/\/www.sotprospection.com\/\" title=\"SOT Prospecci\u00f3\" target=\"_blank\" rel=\"noopener\">SOT Prospecci\u00f3 Arqueol\u00f2gica<\/a>, el <a href=\"http:\/\/www.mac.cat\/\" title=\"Museo de Arqueolog\u00eda de Catalu\u00f1a\" target=\"_blank\" rel=\"noopener\">Museo de Arqueolog\u00eda de Catalu\u00f1a<\/a>, el Grupo de Investigaci\u00f3n <a href=\"http:\/\/www.didpatri.cat\/\" title=\"DIDPATRI\" target=\"_blank\" rel=\"noopener\">DIDPATRI<\/a> de la Universitad de Barcelona,  y el <a href=\"http:\/\/icac.cat\/\" title=\"Instituto Catal\u00e1n de Arqueolog\u00eda Cl\u00e1sica\" target=\"_blank\" rel=\"noopener\">Instituto Catal\u00e1n de Arqueolog\u00eda Cl\u00e1sica<\/a>.<\/p>\n<p>A lo largo de su desarrollo, el proyecto ha recibido el soporte de diferentes administraciones locales y comarcales, como el  <a href=\"http:\/\/consorci.llucanes.cat\/\" title=\"Consorcio del Llusan\u00e9s\" target=\"_blank\" rel=\"noopener\">Consorcio del Llusan\u00e9s<\/a>, el<a href=\"http:\/\/www.orista.cat\/\" title=\"Ayuntamiento de Orist\u00e1\" target=\"_blank\" rel=\"noopener\">Ayuntamiento de Orist\u00e1<\/a> y el <a href=\"http:\/\/www.ccosona.cat\/\" title=\"Consejo Comarcal de Osona\" target=\"_blank\" rel=\"noopener\">Consejo Comarcal de Osona<\/a>, as\u00ed como el soporte institucional y econ\u00f3mico de la <a href=\"http:\/\/cultura.gencat.cat\/ca\/\" title=\"Direcci\u00f3n General de Patrimonio Cultural\" target=\"_blank\" rel=\"noopener\">Direcci\u00f3n General de Patrimonio Cultural<\/a> de la Generalitat de Catalu\u00f1a. <\/p>\n<p>Este espacio web, dedicado al yacimiento de Puig Ciutat y a su proyecto cient\u00edfico y de difusi\u00f3n social de la arqueolog\u00eda, se ha podido realizar gracias al patrocinio de la empresa CEDINSA \u2013Eix Transversal en el marco del convenio de colaboraci\u00f3n establecido por la empresa con la  <a href=\"http:\/\/cultura.gencat.cat\/ca\/\" title=\"Consejer\u00eda de Cultura\" target=\"_blank\" rel=\"noopener\">Consejer\u00eda de Cultura<\/a> y la <a href=\"http:\/\/territori.gencat.cat\/ca\" title=\"Consejer\u00eda de Territorio y Sostenibilidad\" target=\"_blank\" rel=\"noopener\">Consejer\u00eda de Territorio y Sostenibilidad<\/a> de la Generalitat de Catalu\u00f1a. Posteriormente, el espacio se ha ampliado con el financiamiento y el soporte del Programa Fondo Europeo de Desarrollo Regional (FEDER) \u201cPuig Ciutat, capital romana del LLusan\u00e9s\u201d, en el cual han colaborado el Ayuntamiento de Orist\u00e1 y la empresa arqueol\u00f3gica Actium Patrimoni Cultural SL. <\/div>\n","protected":false},"excerpt":{"rendered":"<p>Puig Ciutat es un yacimiento que en su \u00faltima fase, durante el periodo romano tardo-republicano, habr\u00eda funcionado como defensa militar o praesidia en el territorio, en un momento de gran inestabilidad pol\u00edtica como lo fue el de la guerra civil entre Julio C\u00e9sar y los partidarios de Pompeyo Magno (a mediados del s. I a.C.). &hellip; <a href=\"https:\/\/www.puigciutat.com\/es\/sobre-el-proyecto\/\" class=\"more-link\">Continue reading <span class=\"screen-reader-text\">Sobre el proyecto<\/span> <span class=\"meta-nav\">&rarr;<\/span><\/a><\/p>\n","protected":false},"author":1,"featured_media":2926,"parent":0,"menu_order":0,"comment_status":"closed","ping_status":"closed","template":"projecte.php","meta":{"footnotes":""},"class_list":["post-2792","page","type-page","status-publish","has-post-thumbnail","hentry"],"_links":{"self":[{"href":"https:\/\/www.puigciutat.com\/es\/wp-json\/wp\/v2\/pages\/2792","targetHints":{"allow":["GET"]}}],"collection":[{"href":"https:\/\/www.puigciutat.com\/es\/wp-json\/wp\/v2\/pages"}],"about":[{"href":"https:\/\/www.puigciutat.com\/es\/wp-json\/wp\/v2\/types\/page"}],"author":[{"embeddable":true,"href":"https:\/\/www.puigciutat.com\/es\/wp-json\/wp\/v2\/users\/1"}],"replies":[{"embeddable":true,"href":"https:\/\/www.puigciutat.com\/es\/wp-json\/wp\/v2\/comments?post=2792"}],"version-history":[{"count":1,"href":"https:\/\/www.puigciutat.com\/es\/wp-json\/wp\/v2\/pages\/2792\/revisions"}],"predecessor-version":[{"id":2793,"href":"https:\/\/www.puigciutat.com\/es\/wp-json\/wp\/v2\/pages\/2792\/revisions\/2793"}],"wp:featuredmedia":[{"embeddable":true,"href":"https:\/\/www.puigciutat.com\/es\/wp-json\/wp\/v2\/media\/2926"}],"wp:attachment":[{"href":"https:\/\/www.puigciutat.com\/es\/wp-json\/wp\/v2\/media?parent=2792"}],"curies":[{"name":"wp","href":"https:\/\/api.w.org\/{rel}","templated":true}]}}